{"id":5018,"date":"2023-07-19T15:53:41","date_gmt":"2023-07-19T13:53:41","guid":{"rendered":"http:\/\/brigantino.youelba.com\/spiaggia-convenzionata\/"},"modified":"2023-11-22T16:11:46","modified_gmt":"2023-11-22T15:11:46","slug":"vereinbarungen-am-strand","status":"publish","type":"page","link":"https:\/\/www.hotelbrigantino.com\/de\/vereinbarungen-am-strand\/","title":{"rendered":"Vereinbarungen am strand"},"content":{"rendered":"\t\t<div data-elementor-type=\"wp-post\" data-elementor-id=\"5018\" class=\"elementor elementor-5018 elementor-3723\" data-elementor-post-type=\"page\">\n\t\t\t\t\t\t<section class=\"elementor-section elementor-top-section elementor-element elementor-element-e5f8f5c elementor-section-boxed elementor-section-height-default elementor-section-height-default\" data-id=\"e5f8f5c\" data-element_type=\"section\" data-e-type=\"section\" data-settings=\"{&quot;hoteller_ext_is_background_parallax&quot;:&quot;false&quot;,&quot;hoteller_ext_is_background_on_scroll&quot;:&quot;false&quot;}\">\n\t\t\t\t\t\t<div class=\"elementor-container elementor-column-gap-default\">\n\t\t\t\t\t<div class=\"elementor-column elementor-col-100 elementor-top-column elementor-element elementor-element-ede563a\" data-id=\"ede563a\" data-element_type=\"column\" data-e-type=\"column\" data-settings=\"{&quot;hoteller_ext_link_sidemenu&quot;:&quot;false&quot;,&quot;hoteller_ext_link_fullmenu&quot;:&quot;false&quot;,&quot;hoteller_ext_link_closed_fullmenu&quot;:&quot;false&quot;,&quot;hoteller_ext_is_scrollme&quot;:&quot;false&quot;,&quot;hoteller_ext_is_smoove&quot;:&quot;false&quot;,&quot;hoteller_ext_is_parallax_mouse&quot;:&quot;false&quot;,&quot;hoteller_ext_is_infinite&quot;:&quot;false&quot;,&quot;hoteller_ext_is_fadeout_animation&quot;:&quot;false&quot;,&quot;hoteller_ext_mobile_static&quot;:&quot;false&quot;}\">\n\t\t\t<div class=\"elementor-widget-wrap elementor-element-populated\">\n\t\t\t\t\t\t<div class=\"elementor-element elementor-element-46b4b72 elementor-invisible elementor-widget elementor-widget-heading\" data-id=\"46b4b72\" data-element_type=\"widget\" data-e-type=\"widget\" data-settings=\"{&quot;_animation&quot;:&quot;fadeIn&quot;,&quot;hoteller_ext_link_sidemenu&quot;:&quot;false&quot;,&quot;hoteller_ext_link_fullmenu&quot;:&quot;false&quot;,&quot;hoteller_ext_link_closed_fullmenu&quot;:&quot;false&quot;,&quot;hoteller_ext_is_scrollme&quot;:&quot;false&quot;,&quot;hoteller_ext_is_smoove&quot;:&quot;false&quot;,&quot;hoteller_ext_is_parallax_mouse&quot;:&quot;false&quot;,&quot;hoteller_ext_is_infinite&quot;:&quot;false&quot;,&quot;hoteller_ext_is_fadeout_animation&quot;:&quot;false&quot;,&quot;hoteller_ext_mobile_static&quot;:&quot;false&quot;}\" data-widget_type=\"heading.default\">\n\t\t\t\t<div class=\"elementor-widget-container\">\n\t\t\t\t\t<h1 class=\"elementor-heading-title elementor-size-default\">Vereinbarungen am strand\n<\/h1>\t\t\t\t<\/div>\n\t\t\t\t<\/div>\n\t\t\t\t<div class=\"elementor-element elementor-element-abd0441 elementor-invisible elementor-widget elementor-widget-text-editor\" data-id=\"abd0441\" data-element_type=\"widget\" data-e-type=\"widget\" data-settings=\"{&quot;_animation&quot;:&quot;fadeIn&quot;,&quot;_animation_delay&quot;:100,&quot;hoteller_ext_link_sidemenu&quot;:&quot;false&quot;,&quot;hoteller_ext_link_fullmenu&quot;:&quot;false&quot;,&quot;hoteller_ext_link_closed_fullmenu&quot;:&quot;false&quot;,&quot;hoteller_ext_is_scrollme&quot;:&quot;false&quot;,&quot;hoteller_ext_is_smoove&quot;:&quot;false&quot;,&quot;hoteller_ext_is_parallax_mouse&quot;:&quot;false&quot;,&quot;hoteller_ext_is_infinite&quot;:&quot;false&quot;,&quot;hoteller_ext_is_fadeout_animation&quot;:&quot;false&quot;,&quot;hoteller_ext_mobile_static&quot;:&quot;false&quot;}\" data-widget_type=\"text-editor.default\">\n\t\t\t\t<div class=\"elementor-widget-container\">\n\t\t\t\t\t\t\t\t\t<p>Das Hotel hat eine Vereinbarung mit dem Badeanstalt <strong>Bagni Perla<\/strong> am Strand von Procchio. F\u00fcr Informationen und Verf\u00fcgbarkeit k\u00f6nnen Sie den Eigent\u00fcmer direkt unter der folgenden Telefonnummer anrufen: <a href=\"tel:+393382876231\"><strong>338 2876231<\/strong><\/a> (Riccardo).<\/p><p>Am <strong>Strand von Procchio<\/strong> <strong>k\u00f6nnen<\/strong> Sie Schlauchboote, Kajaks, Kanus, Tretboote, Segelboote, Katamarane, SUPs und Windsurfs <strong>zu einem erm\u00e4\u00dfigten Preis mieten.<\/strong><\/p><p>Das Zentrum hei\u00dft <strong>Elba Water Sports<\/strong> und organisiert auch Ausfl\u00fcge mit SUP, Kajaks, Schlauchbooten und Segelbooten. Elbawatersports ist auch eine Segelschule.<\/p><p>Das sind die Kontakte: Tel. <a href=\"tel:+393662098908\"><strong>366 2098908<\/strong><\/a> (Alberto) &#8211; Mail: <strong><a href=\"mailto:elbawatersports@gmail.com\">elbawatersports@gmail.com<\/a><\/strong><\/p>\t\t\t\t\t\t\t\t<\/div>\n\t\t\t\t<\/div>\n\t\t\t\t<div class=\"elementor-element elementor-element-2e1407a elementor-widget elementor-widget-image\" data-id=\"2e1407a\" data-element_type=\"widget\" data-e-type=\"widget\" data-settings=\"{&quot;hoteller_image_is_animation&quot;:&quot;false&quot;,&quot;hoteller_ext_link_sidemenu&quot;:&quot;false&quot;,&quot;hoteller_ext_link_fullmenu&quot;:&quot;false&quot;,&quot;hoteller_ext_link_closed_fullmenu&quot;:&quot;false&quot;,&quot;hoteller_ext_is_scrollme&quot;:&quot;false&quot;,&quot;hoteller_ext_is_smoove&quot;:&quot;false&quot;,&quot;hoteller_ext_is_parallax_mouse&quot;:&quot;false&quot;,&quot;hoteller_ext_is_infinite&quot;:&quot;false&quot;,&quot;hoteller_ext_is_fadeout_animation&quot;:&quot;false&quot;,&quot;hoteller_ext_mobile_static&quot;:&quot;false&quot;}\" data-widget_type=\"image.default\">\n\t\t\t\t<div class=\"elementor-widget-container\">\n\t\t\t\t\t\t\t\t\t\t\t\t\t\t\t<img fetchpriority=\"high\" decoding=\"async\" width=\"900\" height=\"600\" src=\"https:\/\/www.hotelbrigantino.com\/wp-content\/uploads\/2023\/07\/bagni-paola.jpg\" class=\"attachment-large size-large wp-image-4876\" alt=\"\" srcset=\"https:\/\/www.hotelbrigantino.com\/wp-content\/uploads\/2023\/07\/bagni-paola.jpg 900w, https:\/\/www.hotelbrigantino.com\/wp-content\/uploads\/2023\/07\/bagni-paola-300x200.jpg 300w, https:\/\/www.hotelbrigantino.com\/wp-content\/uploads\/2023\/07\/bagni-paola-768x512.jpg 768w, https:\/\/www.hotelbrigantino.com\/wp-content\/uploads\/2023\/07\/bagni-paola-700x466.jpg 700w, https:\/\/www.hotelbrigantino.com\/wp-content\/uploads\/2023\/07\/bagni-paola-440x293.jpg 440w, https:\/\/www.hotelbrigantino.com\/wp-content\/uploads\/2023\/07\/bagni-paola-600x400.jpg 600w\" sizes=\"(max-width: 900px) 100vw, 900px\" \/>\t\t\t\t\t\t\t\t\t\t\t\t\t\t\t<\/div>\n\t\t\t\t<\/div>\n\t\t\t\t\t<\/div>\n\t\t<\/div>\n\t\t\t\t\t<\/div>\n\t\t<\/section>\n\t\t\t\t<section class=\"elementor-section elementor-top-section elementor-element elementor-element-61f41d1 elementor-section-stretched elementor-section-height-min-height elementor-hidden-mobile elementor-section-boxed elementor-section-height-default elementor-section-items-middle\" data-id=\"61f41d1\" data-element_type=\"section\" data-e-type=\"section\" data-settings=\"{&quot;stretch_section&quot;:&quot;section-stretched&quot;,&quot;shape_divider_bottom&quot;:&quot;waves&quot;,&quot;hoteller_ext_is_background_parallax&quot;:&quot;false&quot;,&quot;hoteller_ext_is_background_on_scroll&quot;:&quot;false&quot;}\">\n\t\t\t\t\t<div class=\"elementor-shape elementor-shape-bottom\" aria-hidden=\"true\" data-negative=\"false\">\n\t\t\t<svg xmlns=\"http:\/\/www.w3.org\/2000\/svg\" viewBox=\"0 0 1000 100\" preserveAspectRatio=\"none\">\n\t<path class=\"elementor-shape-fill\" d=\"M421.9,6.5c22.6-2.5,51.5,0.4,75.5,5.3c23.6,4.9,70.9,23.5,100.5,35.7c75.8,32.2,133.7,44.5,192.6,49.7\n\tc23.6,2.1,48.7,3.5,103.4-2.5c54.7-6,106.2-25.6,106.2-25.6V0H0v30.3c0,0,72,32.6,158.4,30.5c39.2-0.7,92.8-6.7,134-22.4\n\tc21.2-8.1,52.2-18.2,79.7-24.2C399.3,7.9,411.6,7.5,421.9,6.5z\"\/>\n<\/svg>\t\t<\/div>\n\t\t\t\t\t<div class=\"elementor-container elementor-column-gap-default\">\n\t\t\t\t\t<div class=\"elementor-column elementor-col-100 elementor-top-column elementor-element elementor-element-cece3a7\" data-id=\"cece3a7\" data-element_type=\"column\" data-e-type=\"column\" data-settings=\"{&quot;hoteller_ext_link_sidemenu&quot;:&quot;false&quot;,&quot;hoteller_ext_link_fullmenu&quot;:&quot;false&quot;,&quot;hoteller_ext_link_closed_fullmenu&quot;:&quot;false&quot;,&quot;hoteller_ext_is_scrollme&quot;:&quot;false&quot;,&quot;hoteller_ext_is_smoove&quot;:&quot;false&quot;,&quot;hoteller_ext_is_parallax_mouse&quot;:&quot;false&quot;,&quot;hoteller_ext_is_infinite&quot;:&quot;false&quot;,&quot;hoteller_ext_is_fadeout_animation&quot;:&quot;false&quot;,&quot;hoteller_ext_mobile_static&quot;:&quot;false&quot;}\">\n\t\t\t<div class=\"elementor-widget-wrap\">\n\t\t\t\t\t\t\t<\/div>\n\t\t<\/div>\n\t\t\t\t\t<\/div>\n\t\t<\/section>\n\t\t\t\t<\/div>\n\t\t","protected":false},"excerpt":{"rendered":"<p>Vereinbarungen am strand Das Hotel hat eine Vereinbarung mit dem Badeanstalt Bagni Perla am Strand von Procchio. F\u00fcr Informationen und Verf\u00fcgbarkeit k\u00f6nnen Sie den Eigent\u00fcmer direkt unter der folgenden Telefonnummer anrufen: 338 2876231 (Riccardo). Am Strand von Procchio k\u00f6nnen Sie [&hellip;]<\/p>\n","protected":false},"author":2,"featured_media":0,"parent":0,"menu_order":0,"comment_status":"closed","ping_status":"closed","template":"page-r.php","meta":{"footnotes":""},"class_list":["post-5018","page","type-page","status-publish","hentry"],"_links":{"self":[{"href":"https:\/\/www.hotelbrigantino.com\/de\/wp-json\/wp\/v2\/pages\/5018","targetHints":{"allow":["GET"]}}],"collection":[{"href":"https:\/\/www.hotelbrigantino.com\/de\/wp-json\/wp\/v2\/pages"}],"about":[{"href":"https:\/\/www.hotelbrigantino.com\/de\/wp-json\/wp\/v2\/types\/page"}],"author":[{"embeddable":true,"href":"https:\/\/www.hotelbrigantino.com\/de\/wp-json\/wp\/v2\/users\/2"}],"replies":[{"embeddable":true,"href":"https:\/\/www.hotelbrigantino.com\/de\/wp-json\/wp\/v2\/comments?post=5018"}],"version-history":[{"count":4,"href":"https:\/\/www.hotelbrigantino.com\/de\/wp-json\/wp\/v2\/pages\/5018\/revisions"}],"predecessor-version":[{"id":5030,"href":"https:\/\/www.hotelbrigantino.com\/de\/wp-json\/wp\/v2\/pages\/5018\/revisions\/5030"}],"wp:attachment":[{"href":"https:\/\/www.hotelbrigantino.com\/de\/wp-json\/wp\/v2\/media?parent=5018"}],"curies":[{"name":"wp","href":"https:\/\/api.w.org\/{rel}","templated":true}]}}