{"id":5240,"date":"2023-08-04T14:50:08","date_gmt":"2023-08-04T12:50:08","guid":{"rendered":"http:\/\/brigantino.youelba.com\/cookie-policy\/"},"modified":"2023-11-23T12:35:51","modified_gmt":"2023-11-23T11:35:51","slug":"cookie-policy","status":"publish","type":"page","link":"https:\/\/www.hotelbrigantino.com\/de\/cookie-policy\/","title":{"rendered":"Cookie Policy"},"content":{"rendered":"\t\t<div data-elementor-type=\"wp-post\" data-elementor-id=\"5240\" class=\"elementor elementor-5240 elementor-4062\" data-elementor-post-type=\"page\">\n\t\t\t\t\t\t<section class=\"elementor-section elementor-top-section elementor-element elementor-element-e5f8f5c elementor-section-boxed elementor-section-height-default elementor-section-height-default\" data-id=\"e5f8f5c\" data-element_type=\"section\" data-e-type=\"section\" data-settings=\"{&quot;hoteller_ext_is_background_parallax&quot;:&quot;false&quot;,&quot;hoteller_ext_is_background_on_scroll&quot;:&quot;false&quot;}\">\n\t\t\t\t\t\t<div class=\"elementor-container elementor-column-gap-default\">\n\t\t\t\t\t<div class=\"elementor-column elementor-col-100 elementor-top-column elementor-element elementor-element-ede563a\" data-id=\"ede563a\" data-element_type=\"column\" data-e-type=\"column\" data-settings=\"{&quot;hoteller_ext_link_sidemenu&quot;:&quot;false&quot;,&quot;hoteller_ext_link_fullmenu&quot;:&quot;false&quot;,&quot;hoteller_ext_link_closed_fullmenu&quot;:&quot;false&quot;,&quot;hoteller_ext_is_scrollme&quot;:&quot;false&quot;,&quot;hoteller_ext_is_smoove&quot;:&quot;false&quot;,&quot;hoteller_ext_is_parallax_mouse&quot;:&quot;false&quot;,&quot;hoteller_ext_is_infinite&quot;:&quot;false&quot;,&quot;hoteller_ext_is_fadeout_animation&quot;:&quot;false&quot;,&quot;hoteller_ext_mobile_static&quot;:&quot;false&quot;}\">\n\t\t\t<div class=\"elementor-widget-wrap elementor-element-populated\">\n\t\t\t\t\t\t<div class=\"elementor-element elementor-element-46b4b72 elementor-invisible elementor-widget elementor-widget-heading\" data-id=\"46b4b72\" data-element_type=\"widget\" data-e-type=\"widget\" data-settings=\"{&quot;_animation&quot;:&quot;fadeIn&quot;,&quot;hoteller_ext_link_sidemenu&quot;:&quot;false&quot;,&quot;hoteller_ext_link_fullmenu&quot;:&quot;false&quot;,&quot;hoteller_ext_link_closed_fullmenu&quot;:&quot;false&quot;,&quot;hoteller_ext_is_scrollme&quot;:&quot;false&quot;,&quot;hoteller_ext_is_smoove&quot;:&quot;false&quot;,&quot;hoteller_ext_is_parallax_mouse&quot;:&quot;false&quot;,&quot;hoteller_ext_is_infinite&quot;:&quot;false&quot;,&quot;hoteller_ext_is_fadeout_animation&quot;:&quot;false&quot;,&quot;hoteller_ext_mobile_static&quot;:&quot;false&quot;}\" data-widget_type=\"heading.default\">\n\t\t\t\t<div class=\"elementor-widget-container\">\n\t\t\t\t\t<h1 class=\"elementor-heading-title elementor-size-default\">Cookie Policy<\/h1>\t\t\t\t<\/div>\n\t\t\t\t<\/div>\n\t\t\t\t<div class=\"elementor-element elementor-element-abd0441 elementor-widget elementor-widget-text-editor\" data-id=\"abd0441\" data-element_type=\"widget\" data-e-type=\"widget\" data-settings=\"{&quot;hoteller_ext_link_sidemenu&quot;:&quot;false&quot;,&quot;hoteller_ext_link_fullmenu&quot;:&quot;false&quot;,&quot;hoteller_ext_link_closed_fullmenu&quot;:&quot;false&quot;,&quot;hoteller_ext_is_scrollme&quot;:&quot;false&quot;,&quot;hoteller_ext_is_smoove&quot;:&quot;false&quot;,&quot;hoteller_ext_is_parallax_mouse&quot;:&quot;false&quot;,&quot;hoteller_ext_is_infinite&quot;:&quot;false&quot;,&quot;hoteller_ext_is_fadeout_animation&quot;:&quot;false&quot;,&quot;hoteller_ext_mobile_static&quot;:&quot;false&quot;}\" data-widget_type=\"text-editor.default\">\n\t\t\t\t<div class=\"elementor-widget-container\">\n\t\t\t\t\t\t\t\t\t<p>Cookies bestehen aus Teilen von Codes, die im Browser installiert werden und dem Anbieter dabei helfen, die den erkl\u00e4rten Zwecken entsprechenden Dienste zur Verf\u00fcgung zu stellen. Einige der Zwecke, f\u00fcr die Cookies installiert werden, k\u00f6nnen auch die Einwilligung des Nutzers erfordern.<\/p><p>Sofern die Installation von Cookies auf einer Einwilligung beruht, kann diese jederzeit nach den Anweisungen in diesem Dokument widerrufen werden.<\/p><p><strong>Technische Cookies und Cookies, die aggregierten statistischen Zwecken dienen<\/strong><br \/><strong>F\u00fcr die Funktionalit\u00e4t des Dienstes essenzielle Aktivit\u00e4ten<\/strong><br \/>Diese Anwendung benutzt Cookies, um Nutzer-Sessions zu speichern und um andere f\u00fcr den Betrieb essenzielle Aktivit\u00e4ten f\u00fcr diese Anwendung durchzuf\u00fchren, zum Beispiel im Zusammenhang mit der Verteilung des Datenverkehrs.<\/p><p><strong>Die Speicherung von Einstellungen, Optimierung und Statistiken betreffende Aktivit\u00e4ten<\/strong><br \/>Diese Anwendung verwendet Cookies, um Browser-Einstellungen zu speichern und um das Surf-Erlebnis des Nutzers zu optimieren. Zu diesen Cookies z\u00e4hlen beispielsweise jene, mit denen die Sprache und die W\u00e4hrung eingestellt werden oder solche f\u00fcr die Verwaltung von Erstanbieterstatistiken, die direkt vom Anbieter der Seite betrieben werden.<\/p><p><strong>Andere Arten von Cookies oder Dritte, die Cookies installieren<\/strong><br \/>Einige der unten aufgelisteten Dienste verwalten Statistiken in aggregierter und anonymisierter Form und erfordern nicht unbedingt die Einwilligung des Nutzers oder k\u00f6nnen direkt vom Anbieter &#8211; abh\u00e4ngig von ihrer Beschreibung &#8211; ohne Hilfe von Drittanbietern betrieben werden.<\/p><p>Sollten von Drittanbietern geleistete Dienste bei den unten stehenden Tools erscheinen, k\u00f6nnen diese dazu verwendet werden, um die Surfgewohnheiten des Nutzers nachzuvollziehen &#8211; zus\u00e4tzlich zu den hierin spezifizierten Informationen und ohne Wissen des Anbieters. F\u00fcr genauere Informationen ziehen Sie bitte die Datenschutzerkl\u00e4rungen der aufgelisteten Dienste zurate.<\/p><p><strong>Analytik<\/strong><br \/>Mit den in diesem Abschnitt aufgef\u00fchrten Dienstleistungen kann der Eigent\u00fcmer den Datenverkehr \u00fcberwachen und analysieren sowie das Verhalten von Nutzern nachverfolgen.<br \/>Google Analytics mit IP-Anonymisierung (Google Inc.)<br \/>Google Analytics ist ein Webanalysedienst von Google Inc. (&#8222;Google&#8220;). Google verwendet die erhobenen Daten, um nachzuverfolgen und zu untersuchen, wie diese Anwendung genutzt wird, Berichte \u00fcber ihre Aktivit\u00e4ten zu verfassen und diese gemeinsam mit anderen Google-Diensten zu nutzen.<br \/>Google kann die erhobenen Daten verwenden, um die Anzeigen seines eigenen Werbenetzwerks zu kontextualisieren und personalisieren.<br \/>Auf dieser Webseite wurde die IP-Anonymisierung aktiviert, so dass die IP-Adresse der Nutzer von Google innerhalb von Mitgliedstaaten der Europ\u00e4ischen Union oder in anderen Vertragsstaaten des Abkommens \u00fcber den Europ\u00e4ischen Wirtschaftsraum zuvor gek\u00fcrzt wird. Nur in Ausnahmef\u00e4llen wird die volle IP-Adresse an einen Server von Google in den USA \u00fcbertragen und dort gek\u00fcrzt.<br \/>Erhobene personenbezogene Daten: Cookie und Nutzungsdaten. Verarbeitungsort: USA &#8211; <a href=\"https:\/\/policies.google.com\/privacy?hl=de\" target=\"_blank\" rel=\"noopener\">Datenschutzerkl\u00e4rung<\/a> &#8211; <a href=\"https:\/\/tools.google.com\/dlpage\/gaoptout?hl=de\" target=\"_blank\" rel=\"noopener\">Opt Out<\/a>.<\/p><p><strong>Anzeigen von Inhalten externer Plattformen<\/strong><br \/>Mit dieser Art von Diensten k\u00f6nnen Nutzer sich Inhalte, die auf externen Plattformen gehostet werden, direkt \u00fcber diese Anwendung anzeigen lassen und mit ihnen interagieren.<br \/>Falls ein solcher Dienst installiert ist, so kann er f\u00fcr die Seiten, auf denen er installiert ist, m\u00f6glicherweise auch dann Daten aus dem Datenverkehr erheben, wenn Nutzer ihn nicht verwenden.<\/p><p><strong>Google-Maps-Widget (Google)<\/strong><br \/>Google Maps ist ein von Google Inc. bereitgestellter Service zur Visualisierung von Karten, mit dem diese Anwendung entsprechende Inhalte auf ihren Seiten einbinden kann.<br \/>Erhobene personenbezogene Daten: Cookie und Nutzungsdaten. Verarbeitungsort: USA &#8211; <a href=\"https:\/\/policies.google.com\/privacy?hl=de\" target=\"_blank\" rel=\"noopener\">Datenschutzerkl\u00e4rung<\/a>.<\/p><p><strong>Youtube-Widget (Google)<\/strong><br \/>Google Maps ist ein von Google Inc. bereitgestellter Service zur Visualisierung von Videos, mit dem diese Anwendung entsprechende Inhalte auf ihren Seiten einbinden kann.<br \/>Erhobene personenbezogene Daten: Cookie und Nutzungsdaten. Verarbeitungsort: USA &#8211; <a href=\"https:\/\/policies.google.com\/privacy?hl=de\" target=\"_blank\" rel=\"noopener\">Datenschutzerkl\u00e4rung<\/a>.<\/p><p><strong>Traghettilines<\/strong><br \/>Die Seite verwendet ein unerl\u00e4ssliches F\u00e4hrenbuchungssystem, um die Verf\u00fcgbarkeit zu \u00fcberpr\u00fcfen und den selbstst\u00e4ndigen Kostenvoranschlag f\u00fcr die gew\u00fcnschten Dienstleistungen zu gestatten. Die Benutzung des Buchungssystems erfolgt durch das Aufr\u00fcfen der Domain traghettilines.it von Prenotazioni24 srl.<br \/>Erhobene personenbezogene Daten: Cookie und Nutzungsdaten. (<a href=\"https:\/\/www.traghettilines.it\/\" target=\"_blank\" rel=\"noopener\">Privacy Policy<\/a>)<\/p><p><strong>Ermeshotels<\/strong><br \/>Die Seite verwendet ein unerl\u00e4ssliches Buchungssystem, um die Verf\u00fcgbarkeit zu \u00fcberpr\u00fcfen und den selbstst\u00e4ndigen Kostenvoranschlag f\u00fcr die gew\u00fcnschten Dienstleistungen zu gestatten.<br \/>Donn\u00e9es personnelles collect\u00e9es: cookies et donn\u00e9es d&#8217;utilisation (<a href=\"https:\/\/www.ermeshotels.com\/\" target=\"_blank\" rel=\"noopener\">R\u00e8gles de confidentialit\u00e9<\/a> )<\/p><p><strong>Wie kann ich die Einwilligung zur Installation von Cookies erteilen oder widerrufen?<\/strong><\/p><p>Zus\u00e4tzlich zu dem, was in diesem Dokument beschrieben wird, kann der Nutzer Einstellungen f\u00fcr Cookies direkt in seinem eigenen Browser verwalten und somit Drittanbieter daran hindern, Cookies zu installieren. Durch die Browser-Einstellungen ist es auch m\u00f6glich, in der Vergangenheit installierte Cookies zu l\u00f6schen, darunter auch jene Cookies, die m\u00f6glicherweise die Einwilligung f\u00fcr die Installation von Cookies durch diese Website gespeichert haben.. Der Nutzer kann, zum Beispiel, Informationen \u00fcber die Verwaltung von Cookies in den meistgenutzten Browsern unter folgenden Adressen finden: <a href=\"https:\/\/support.google.com\/chrome\/answer\/95647?hl=de&amp;p=cpn_cookies\" target=\"_blank\" rel=\"noopener\">Google Chrome<\/a>, <a href=\"https:\/\/support.mozilla.org\/de\/kb\/cookies-erlauben-und-ablehnen\" target=\"_blank\" rel=\"noopener\">Mozilla Firefox<\/a>, <a href=\"https:\/\/support.apple.com\/kb\/PH21411?locale=en_US\" target=\"_blank\" rel=\"noopener\">Apple Safari<\/a> und <a href=\"https:\/\/support.microsoft.com\/en-us\/help\/17442\/windows-internet-explorer-delete-manage-cookies\" target=\"_blank\" rel=\"noopener\">Microsoft Internet Explorer<\/a>.<\/p><p>In Bezug auf von Dritten installierte Cookies k\u00f6nnen Nutzer ihre Pr\u00e4ferenzen und den Widerruf ihrer Einwilligung verwalten, indem sie auf den entsprechenden Opt-out-Link (falls vorhanden) klicken, die in der Datenschutzrichtlinie des Dritten vorgesehenen Mittel verwenden oder den Dritten kontaktieren.<\/p>\t\t\t\t\t\t\t\t<\/div>\n\t\t\t\t<\/div>\n\t\t\t\t\t<\/div>\n\t\t<\/div>\n\t\t\t\t\t<\/div>\n\t\t<\/section>\n\t\t\t\t<section class=\"elementor-section elementor-top-section elementor-element elementor-element-9de16f4 elementor-section-boxed elementor-section-height-default elementor-section-height-default\" data-id=\"9de16f4\" data-element_type=\"section\" data-e-type=\"section\" data-settings=\"{&quot;hoteller_ext_is_background_parallax&quot;:&quot;false&quot;,&quot;hoteller_ext_is_background_on_scroll&quot;:&quot;false&quot;}\">\n\t\t\t\t\t\t<div class=\"elementor-container elementor-column-gap-default\">\n\t\t\t\t\t<div class=\"elementor-column elementor-col-100 elementor-top-column elementor-element elementor-element-8f7d2e7\" data-id=\"8f7d2e7\" data-element_type=\"column\" data-e-type=\"column\" data-settings=\"{&quot;hoteller_ext_link_sidemenu&quot;:&quot;false&quot;,&quot;hoteller_ext_link_fullmenu&quot;:&quot;false&quot;,&quot;hoteller_ext_link_closed_fullmenu&quot;:&quot;false&quot;,&quot;hoteller_ext_is_scrollme&quot;:&quot;false&quot;,&quot;hoteller_ext_is_smoove&quot;:&quot;false&quot;,&quot;hoteller_ext_is_parallax_mouse&quot;:&quot;false&quot;,&quot;hoteller_ext_is_infinite&quot;:&quot;false&quot;,&quot;hoteller_ext_is_fadeout_animation&quot;:&quot;false&quot;,&quot;hoteller_ext_mobile_static&quot;:&quot;false&quot;}\">\n\t\t\t<div class=\"elementor-widget-wrap\">\n\t\t\t\t\t\t\t<\/div>\n\t\t<\/div>\n\t\t\t\t\t<\/div>\n\t\t<\/section>\n\t\t\t\t<section class=\"elementor-section elementor-top-section elementor-element elementor-element-61f41d1 elementor-section-stretched elementor-section-height-min-height elementor-hidden-tablet elementor-hidden-mobile elementor-section-boxed elementor-section-height-default elementor-section-items-middle\" data-id=\"61f41d1\" data-element_type=\"section\" data-e-type=\"section\" data-settings=\"{&quot;stretch_section&quot;:&quot;section-stretched&quot;,&quot;shape_divider_bottom&quot;:&quot;waves&quot;,&quot;hoteller_ext_is_background_parallax&quot;:&quot;false&quot;,&quot;hoteller_ext_is_background_on_scroll&quot;:&quot;false&quot;}\">\n\t\t\t\t\t<div class=\"elementor-shape elementor-shape-bottom\" aria-hidden=\"true\" data-negative=\"false\">\n\t\t\t<svg xmlns=\"http:\/\/www.w3.org\/2000\/svg\" viewBox=\"0 0 1000 100\" preserveAspectRatio=\"none\">\n\t<path class=\"elementor-shape-fill\" d=\"M421.9,6.5c22.6-2.5,51.5,0.4,75.5,5.3c23.6,4.9,70.9,23.5,100.5,35.7c75.8,32.2,133.7,44.5,192.6,49.7\n\tc23.6,2.1,48.7,3.5,103.4-2.5c54.7-6,106.2-25.6,106.2-25.6V0H0v30.3c0,0,72,32.6,158.4,30.5c39.2-0.7,92.8-6.7,134-22.4\n\tc21.2-8.1,52.2-18.2,79.7-24.2C399.3,7.9,411.6,7.5,421.9,6.5z\"\/>\n<\/svg>\t\t<\/div>\n\t\t\t\t\t<div class=\"elementor-container elementor-column-gap-default\">\n\t\t\t\t\t<div class=\"elementor-column elementor-col-100 elementor-top-column elementor-element elementor-element-cece3a7\" data-id=\"cece3a7\" data-element_type=\"column\" data-e-type=\"column\" data-settings=\"{&quot;hoteller_ext_link_sidemenu&quot;:&quot;false&quot;,&quot;hoteller_ext_link_fullmenu&quot;:&quot;false&quot;,&quot;hoteller_ext_link_closed_fullmenu&quot;:&quot;false&quot;,&quot;hoteller_ext_is_scrollme&quot;:&quot;false&quot;,&quot;hoteller_ext_is_smoove&quot;:&quot;false&quot;,&quot;hoteller_ext_is_parallax_mouse&quot;:&quot;false&quot;,&quot;hoteller_ext_is_infinite&quot;:&quot;false&quot;,&quot;hoteller_ext_is_fadeout_animation&quot;:&quot;false&quot;,&quot;hoteller_ext_mobile_static&quot;:&quot;false&quot;}\">\n\t\t\t<div class=\"elementor-widget-wrap\">\n\t\t\t\t\t\t\t<\/div>\n\t\t<\/div>\n\t\t\t\t\t<\/div>\n\t\t<\/section>\n\t\t\t\t<\/div>\n\t\t","protected":false},"excerpt":{"rendered":"<p>Cookie Policy Cookies bestehen aus Teilen von Codes, die im Browser installiert werden und dem Anbieter dabei helfen, die den erkl\u00e4rten Zwecken entsprechenden Dienste zur Verf\u00fcgung zu stellen. Einige der Zwecke, f\u00fcr die Cookies installiert werden, k\u00f6nnen auch die Einwilligung [&hellip;]<\/p>\n","protected":false},"author":2,"featured_media":0,"parent":0,"menu_order":0,"comment_status":"closed","ping_status":"closed","template":"","meta":{"footnotes":""},"class_list":["post-5240","page","type-page","status-publish","hentry"],"_links":{"self":[{"href":"https:\/\/www.hotelbrigantino.com\/de\/wp-json\/wp\/v2\/pages\/5240","targetHints":{"allow":["GET"]}}],"collection":[{"href":"https:\/\/www.hotelbrigantino.com\/de\/wp-json\/wp\/v2\/pages"}],"about":[{"href":"https:\/\/www.hotelbrigantino.com\/de\/wp-json\/wp\/v2\/types\/page"}],"author":[{"embeddable":true,"href":"https:\/\/www.hotelbrigantino.com\/de\/wp-json\/wp\/v2\/users\/2"}],"replies":[{"embeddable":true,"href":"https:\/\/www.hotelbrigantino.com\/de\/wp-json\/wp\/v2\/comments?post=5240"}],"version-history":[{"count":5,"href":"https:\/\/www.hotelbrigantino.com\/de\/wp-json\/wp\/v2\/pages\/5240\/revisions"}],"predecessor-version":[{"id":5265,"href":"https:\/\/www.hotelbrigantino.com\/de\/wp-json\/wp\/v2\/pages\/5240\/revisions\/5265"}],"wp:attachment":[{"href":"https:\/\/www.hotelbrigantino.com\/de\/wp-json\/wp\/v2\/media?parent=5240"}],"curies":[{"name":"wp","href":"https:\/\/api.w.org\/{rel}","templated":true}]}}